{"id":2038,"date":"2023-01-04T23:13:22","date_gmt":"2023-01-04T22:13:22","guid":{"rendered":"https:\/\/raisingsala.org\/?page_id=2038"},"modified":"2023-01-08T16:27:26","modified_gmt":"2023-01-08T15:27:26","slug":"info","status":"publish","type":"page","link":"https:\/\/raisingsala.org\/en\/info\/","title":{"rendered":"raisingSALA"},"content":{"rendered":"<div data-elementor-type=\"wp-page\" data-elementor-id=\"2038\" class=\"elementor elementor-2038\" data-elementor-post-type=\"page\">\n\t\t\t\t<div class=\"elementor-element elementor-element-f9c2628 e-flex e-con-boxed e-con e-parent\" data-id=\"f9c2628\" data-element_type=\"container\">\n\t\t\t\t\t<div class=\"e-con-inner\">\n\t\t\t\t<div class=\"elementor-element elementor-element-674088f elementor-widget elementor-widget-image\" data-id=\"674088f\" data-element_type=\"widget\" data-widget_type=\"image.default\">\n\t\t\t\t\t\t\t\t\t\t\t\t\t\t\t<img fetchpriority=\"high\" decoding=\"async\" width=\"722\" height=\"1024\" src=\"https:\/\/raisingsala.org\/wp-content\/uploads\/2023\/01\/hintergrundbild-1-1-722x1024.png\" class=\"attachment-large size-large wp-image-2042\" alt=\"\" srcset=\"https:\/\/raisingsala.org\/wp-content\/uploads\/2023\/01\/hintergrundbild-1-1-722x1024.png 722w, https:\/\/raisingsala.org\/wp-content\/uploads\/2023\/01\/hintergrundbild-1-1-211x300.png 211w, https:\/\/raisingsala.org\/wp-content\/uploads\/2023\/01\/hintergrundbild-1-1-768x1090.png 768w, https:\/\/raisingsala.org\/wp-content\/uploads\/2023\/01\/hintergrundbild-1-1-70x100.png 70w, https:\/\/raisingsala.org\/wp-content\/uploads\/2023\/01\/hintergrundbild-1-1-1083x1536.png 1083w, https:\/\/raisingsala.org\/wp-content\/uploads\/2023\/01\/hintergrundbild-1-1-1444x2048.png 1444w, https:\/\/raisingsala.org\/wp-content\/uploads\/2023\/01\/hintergrundbild-1-1-1200x1703.png 1200w, https:\/\/raisingsala.org\/wp-content\/uploads\/2023\/01\/hintergrundbild-1-1.png 1748w\" sizes=\"(max-width: 722px) 100vw, 722px\" \/>\t\t\t\t\t\t\t\t\t\t\t\t\t\t\t<\/div>\n\t\t<div class=\"elementor-element elementor-element-2d9d8a6 e-flex e-con-boxed e-con e-child\" data-id=\"2d9d8a6\" data-element_type=\"container\">\n\t\t\t\t\t<div class=\"e-con-inner\">\n\t\t\t\t\t<\/div>\n\t\t\t\t<\/div>\n\t\t\t\t\t<\/div>\n\t\t\t\t<\/div>\n\t\t<div class=\"elementor-element elementor-element-0921cba e-flex e-con-boxed e-con e-parent\" data-id=\"0921cba\" data-element_type=\"container\">\n\t\t\t\t\t<div class=\"e-con-inner\">\n\t\t\t\t<div class=\"elementor-element elementor-element-8403bb0 elementor-widget elementor-widget-text-editor\" data-id=\"8403bb0\" data-element_type=\"widget\" data-widget_type=\"text-editor.default\">\n\t\t\t\t\t\t\t\t\t<p>Wir haben das erkl\u00e4rte Ziel, dass ALLE an Bildung kommen.<\/p><p>\u00a0<\/p><p>Egal wo Du bist, ob unterwegs, ob Freilerner:in oder zu Hause. raisingSALA hilft, einen Schulabschluss zu erhalten.<\/p><p>\u00a0<\/p><p>raisingSALA zeigt die einzelnen Lehrpl\u00e4ne der L\u00e4nder auf um das ,was im Heimatland gelernt werden muss, auch unterwegs zu erhalten.<\/p><p>Mit vielen Hilfsmitteln zu den einzelnen Themen, soll das Lernen leicht und lustvoll gestaltet werden. Ebenso lustvoll kann ein Lehrplan pro Fach durch drag&amp;drop mit den ausgesuchten Hilfsmitteln erstellt und gef\u00fcllt werden.<\/p><p>\u00a0<\/p><p>Wenn ein Fach gew\u00fcnscht ist welches nicht im Lehrplan steht, kann es ganz einfach zur Lernstruktur hinzugef\u00fcgt werden. raisingSALA erschuf ein einzigartiges Tool um Lernen unterwegs zu erm\u00f6glichen.<\/p><p>\u00a0<\/p><p>Durch Geolearning und mit vielen verschiedenen Partner:innen ist es m\u00f6glich, Informationen auch unterwegs abholen zu k\u00f6nnen und physisch erlebbar zu machen. Ebenso werden bereits bestehende Lernorte angezeigt.<\/p><p>Das Klassenzimmer ist draussen in der Welt!<\/p><p>\u00a0<\/p><p>raisingSALA arranges specialists who can be booked in close proximity or remotely.<\/p><p>\u00a0<\/p><p>raisingSALA's blog shows the latest achievements in developmental psychology, biology on learning, clarifies the rights and responsibilities of parents and children who are taught remotely, and offers a lot of specialized information on pedagogy and didactic learning.<\/p><p>\u00a0<\/p><p>Come with us on the journey of knowledge!<\/p><div>\u00a0<\/div><div>\u00a0<\/div>\t\t\t\t\t\t\t\t<\/div>\n\t\t\t\t\t<\/div>\n\t\t\t\t<\/div>\n\t\t<div class=\"elementor-element elementor-element-c93241d e-flex e-con-boxed e-con e-parent\" data-id=\"c93241d\" data-element_type=\"container\">\n\t\t\t\t\t<div class=\"e-con-inner\">\n\t\t\t\t\t<\/div>\n\t\t\t\t<\/div>\n\t\t\t\t<\/div>","protected":false},"excerpt":{"rendered":"<p>Wir haben das erkl\u00e4rte Ziel, dass ALLE an Bildung kommen. \u00a0 Egal wo Du bist, ob unterwegs, ob Freilerner:in oder zu Hause. raisingSALA hilft, einen Schulabschluss zu erhalten. \u00a0 raisingSALA zeigt die einzelnen Lehrpl\u00e4ne der L\u00e4nder auf um das ,was im Heimatland gelernt werden muss, auch unterwegs zu erhalten. Mit vielen Hilfsmitteln zu den einzelnen [&hellip;]<\/p>","protected":false},"author":225865602,"featured_media":0,"parent":0,"menu_order":0,"comment_status":"closed","ping_status":"closed","template":"","meta":{"footnotes":""},"class_list":["post-2038","page","type-page","status-publish","hentry"],"_links":{"self":[{"href":"https:\/\/raisingsala.org\/en\/wp-json\/wp\/v2\/pages\/2038","targetHints":{"allow":["GET"]}}],"collection":[{"href":"https:\/\/raisingsala.org\/en\/wp-json\/wp\/v2\/pages"}],"about":[{"href":"https:\/\/raisingsala.org\/en\/wp-json\/wp\/v2\/types\/page"}],"author":[{"embeddable":true,"href":"https:\/\/raisingsala.org\/en\/wp-json\/wp\/v2\/users\/225865602"}],"replies":[{"embeddable":true,"href":"https:\/\/raisingsala.org\/en\/wp-json\/wp\/v2\/comments?post=2038"}],"version-history":[{"count":30,"href":"https:\/\/raisingsala.org\/en\/wp-json\/wp\/v2\/pages\/2038\/revisions"}],"predecessor-version":[{"id":2283,"href":"https:\/\/raisingsala.org\/en\/wp-json\/wp\/v2\/pages\/2038\/revisions\/2283"}],"wp:attachment":[{"href":"https:\/\/raisingsala.org\/en\/wp-json\/wp\/v2\/media?parent=2038"}],"curies":[{"name":"wp","href":"https:\/\/api.w.org\/{rel}","templated":true}]}}