{"id":3875,"date":"2023-02-08T16:51:34","date_gmt":"2023-02-08T15:51:34","guid":{"rendered":"https:\/\/raisingsala.org\/?page_id=3875"},"modified":"2023-02-09T13:18:32","modified_gmt":"2023-02-09T12:18:32","slug":"impressum","status":"publish","type":"page","link":"https:\/\/raisingsala.org\/en\/impressum\/","title":{"rendered":"Impressum"},"content":{"rendered":"<div data-elementor-type=\"wp-page\" data-elementor-id=\"3875\" class=\"elementor elementor-3875\" data-elementor-post-type=\"page\">\n\t\t\t\t<div class=\"elementor-element elementor-element-bc3687a e-flex e-con-boxed e-con e-parent\" data-id=\"bc3687a\" data-element_type=\"container\">\n\t\t\t\t\t<div class=\"e-con-inner\">\n\t\t\t\t<div class=\"elementor-element elementor-element-debf6d6 elementor-widget elementor-widget-spacer\" data-id=\"debf6d6\" data-element_type=\"widget\" data-widget_type=\"spacer.default\">\n\t\t\t\t\t\t\t<div class=\"elementor-spacer\">\n\t\t\t<div class=\"elementor-spacer-inner\"><\/div>\n\t\t<\/div>\n\t\t\t\t\t\t<\/div>\n\t\t\t\t\t<\/div>\n\t\t\t\t<\/div>\n\t\t<div class=\"elementor-element elementor-element-c8e1fd0 e-flex e-con-boxed e-con e-parent\" data-id=\"c8e1fd0\" data-element_type=\"container\">\n\t\t\t\t\t<div class=\"e-con-inner\">\n\t\t\t\t<div class=\"elementor-element elementor-element-057f2c6 elementor-widget elementor-widget-text-editor\" data-id=\"057f2c6\" data-element_type=\"widget\" data-widget_type=\"text-editor.default\">\n\t\t\t\t\t\t\t\t\t<p><strong><i>Kontakt-Adresse<\/i><\/strong><\/p><p>C\u00e9cile Fuchs<\/p><p>Hochrainstrasse 7<\/p><p>CH-6010 Kriens<\/p><p>E-Mail: welcome@raisingsala.org<\/p><p><strong><i>\u00a0<\/i><\/strong><\/p><p><strong><i>Vertretungsberechtigte Person(en)<\/i><\/strong><\/p><p>C\u00e9cile Fuchs<\/p><p><strong><i>\u00a0<\/i><\/strong><\/p><p><strong><i>Disclaimer<\/i><\/strong><\/p><p>The author raisingSALA assumes no liability whatsoever with regard to the correctness, accuracy, up-to-dateness, reliability and completeness of the information.<\/p><p>Liability claims against the author for material or immaterial damage resulting from access to or use or non-use of the published information, misuse of the connection or technical faults are excluded.<\/p><p>All offers are non-binding. The author expressly reserves the right to change, supplement or delete parts of the pages or the entire offer without special notice or to cease publication temporarily or permanently.<\/p><p><strong><i>\u00a0<\/i><\/strong><\/p><p><strong><i>Disclaimer for links<\/i><\/strong><\/p><p>References and links to third-party websites are outside our area of responsibility. Any responsibility for such websites is rejected. Access to and use of such websites is at the user's own risk.<\/p><p><strong><i>\u00a0<\/i><\/strong><\/p><p><strong><i>copyright<\/i><\/strong><\/p><p>The copyright and all other rights to content, images, photos or other files on this website belong exclusively to\u00a0<strong>C\u00e9cile Fuchs<\/strong>\u00a0or the specifically named copyright holders. The written consent of the copyright holder must be obtained in advance for the reproduction of any elements.<\/p><p>Quelle:\u00a0<a href=\"https:\/\/www.swissanwalt.ch\/\" target=\"_blank\" rel=\"noopener\">SwissAnwalt<\/a><\/p>\t\t\t\t\t\t\t\t<\/div>\n\t\t\t\t\t<\/div>\n\t\t\t\t<\/div>\n\t\t\t\t<\/div>","protected":false},"excerpt":{"rendered":"<p>Kontakt-Adresse C\u00e9cile Fuchs Hochrainstrasse 7 CH-6010 Kriens E-Mail: welcome@raisingsala.org \u00a0 Vertretungsberechtigte Person(en) C\u00e9cile Fuchs \u00a0 Haftungsausschluss Der Autor \u00fcbernimmt keinerlei Gew\u00e4hr hinsichtlich der inhaltlichen Richtigkeit, Genauigkeit, Aktualit\u00e4t, Zuverl\u00e4ssigkeit und Vollst\u00e4ndigkeit der Informationen. Haftungsanspr\u00fcche gegen den Autor wegen Sch\u00e4den materieller oder immaterieller Art, welche aus dem Zugriff oder der Nutzung bzw. Nichtnutzung der ver\u00f6ffentlichten Informationen, durch [&hellip;]<\/p>","protected":false},"author":225865602,"featured_media":0,"parent":0,"menu_order":0,"comment_status":"closed","ping_status":"closed","template":"elementor_header_footer","meta":{"footnotes":""},"class_list":["post-3875","page","type-page","status-publish","hentry"],"_links":{"self":[{"href":"https:\/\/raisingsala.org\/en\/wp-json\/wp\/v2\/pages\/3875","targetHints":{"allow":["GET"]}}],"collection":[{"href":"https:\/\/raisingsala.org\/en\/wp-json\/wp\/v2\/pages"}],"about":[{"href":"https:\/\/raisingsala.org\/en\/wp-json\/wp\/v2\/types\/page"}],"author":[{"embeddable":true,"href":"https:\/\/raisingsala.org\/en\/wp-json\/wp\/v2\/users\/225865602"}],"replies":[{"embeddable":true,"href":"https:\/\/raisingsala.org\/en\/wp-json\/wp\/v2\/comments?post=3875"}],"version-history":[{"count":14,"href":"https:\/\/raisingsala.org\/en\/wp-json\/wp\/v2\/pages\/3875\/revisions"}],"predecessor-version":[{"id":3959,"href":"https:\/\/raisingsala.org\/en\/wp-json\/wp\/v2\/pages\/3875\/revisions\/3959"}],"wp:attachment":[{"href":"https:\/\/raisingsala.org\/en\/wp-json\/wp\/v2\/media?parent=3875"}],"curies":[{"name":"wp","href":"https:\/\/api.w.org\/{rel}","templated":true}]}}