{"id":4960,"date":"2023-09-21T16:06:33","date_gmt":"2023-09-21T14:06:33","guid":{"rendered":"https:\/\/raisingsala.org\/?page_id=4960"},"modified":"2023-09-22T14:21:48","modified_gmt":"2023-09-22T12:21:48","slug":"pflichtlektuere-aargau","status":"publish","type":"page","link":"https:\/\/raisingsala.org\/en\/pflichtlektuere-aargau\/","title":{"rendered":"Pflichtlekt\u00fcre Aargau"},"content":{"rendered":"<div data-elementor-type=\"wp-page\" data-elementor-id=\"4960\" class=\"elementor elementor-4960\" data-elementor-post-type=\"page\">\n\t\t\t\t<div class=\"elementor-element elementor-element-fe6652d e-flex e-con-boxed e-con e-parent\" data-id=\"fe6652d\" data-element_type=\"container\">\n\t\t\t\t\t<div class=\"e-con-inner\">\n\t\t\t\t<div class=\"elementor-element elementor-element-c290f00 elementor-widget elementor-widget-spacer\" data-id=\"c290f00\" data-element_type=\"widget\" data-widget_type=\"spacer.default\">\n\t\t\t\t\t\t\t<div class=\"elementor-spacer\">\n\t\t\t<div class=\"elementor-spacer-inner\"><\/div>\n\t\t<\/div>\n\t\t\t\t\t\t<\/div>\n\t\t\t\t\t<\/div>\n\t\t\t\t<\/div>\n\t\t<div class=\"elementor-element elementor-element-377ee25 e-flex e-con-boxed e-con e-parent\" data-id=\"377ee25\" data-element_type=\"container\">\n\t\t\t\t\t<div class=\"e-con-inner\">\n\t\t\t\t<div class=\"elementor-element elementor-element-38ef03e elementor-widget elementor-widget-text-editor\" data-id=\"38ef03e\" data-element_type=\"widget\" data-widget_type=\"text-editor.default\">\n\t\t\t\t\t\t\t\t\t<p>Wenn gew\u00fcnscht, kann bei der Schule des Aufenthaltsortes oder des Wohnortes nachfragen, ob sie die Lehrmittel zur Verf\u00fcgung stellen. Dies geschieht jedoch auf freiwilliger Basis der gew\u00fcnschten Schule.<\/p><p><a href=\"https:\/\/view.officeapps.live.com\/op\/view.aspx?src=https%3A%2F%2Fwww.schulen-aargau.ch%2Fmedia%2Fschulen-aargau%2Funterricht%2Flehrplan-lehrmittel%2Fbksvs-lehrmittelverzeichnis.xlsx&amp;wdOrigin=BROWSELINK\"><strong>Hier ist der direkte Link zur aktualisierten \u00dcbersicht \u00fcber obligatorischen, alternativ-obligatorischen, oder empfohlenen Lehrmittel<\/strong><\/a><\/p><p>Die Lehrmittel sind direkt verlinkt.\u00a0<\/p>\t\t\t\t\t\t\t\t<\/div>\n\t\t\t\t\t<\/div>\n\t\t\t\t<\/div>\n\t\t<div class=\"elementor-element elementor-element-fc81331 e-flex e-con-boxed e-con e-parent\" data-id=\"fc81331\" data-element_type=\"container\">\n\t\t\t\t\t<div class=\"e-con-inner\">\n\t\t\t\t<div class=\"elementor-element elementor-element-ccdf0f7 elementor-widget elementor-widget-text-editor\" data-id=\"ccdf0f7\" data-element_type=\"widget\" data-widget_type=\"text-editor.default\">\n\t\t\t\t\t\t\t\t\t<table width=\"1134\"><tbody><tr><td width=\"46\">Zyklus<\/td><td width=\"53\">Klasse<\/td><td width=\"65\">Fach<\/td><td width=\"425\">Teaching material<\/td><td width=\"95\">Verlag<\/td><td width=\"140\">Status<\/td><td width=\"310\">Bemerkungen<\/td><\/tr><tr><td>1<\/td><td>1<\/td><td>German<\/td><td>Leseschlau<\/td><td><a href=\"https:\/\/lehrmittelshop.so.ch\/index.php\/catalogsearch\/result\/?q=+Leseschlau+1.+Klasse\">LMV Solothurn \/ ilz<\/a><\/td><td>alternativ-obligatorisch<\/td><td width=\"310\">\u00a0<\/td><\/tr><tr><td>1<\/td><td>1<\/td><td>German<\/td><td>Die Buchstabenreise<\/td><td><a href=\"https:\/\/www.klett.ch\/lehrwerke\/die-buchstabenreise\">Klett und Balmer<\/a><\/td><td>alternativ-obligatorisch<\/td><td width=\"310\">Phonologische Karten und Poster mit Buchstabentabellen sind nur empfohlen<\/td><\/tr><tr><td>1<\/td><td>1-2<\/td><td>German<\/td><td>Tobi Fibel 1. Schuljahr &amp; 2. Schuljahr<\/td><td><a href=\"https:\/\/www.cornelsen.ch\/search_query?sort=score&amp;limit=6&amp;page=1&amp;facet_show=1&amp;grid_view=1&amp;group_active=product&amp;query=Tobi+Fibel+1.+Schuljahr#query=Tobi+Fibel+1.+Schuljahr&amp;product_simple_field_type_of_school%3A38d09=Primarschule&amp;product_simple_field_band%3A4d4c2=1.+Schuljahr&amp;product_simple_field_ausgaben%3A31638=Schweiz+-+Neubearbeitung+2015&amp;limit=6&amp;page=1&amp;facet_show=1&amp;grid_view=1&amp;group_active=singles\">Cornelsen Verlag<\/a><\/td><td>alternativ-obligatorisch<\/td><td width=\"310\">1. und 2. Schuljahr<\/td><\/tr><tr><td>1<\/td><td>1-2<\/td><td>German<\/td><td>ABC Lettera<\/td><td><a href=\"https:\/\/www.lehrmittelzentrale.ch\/abc-lettera-schubi-lehrmittel-isbn-978-3-89891-300-3\">SCHUBI Lernmedien<\/a><\/td><td>empfohlen<\/td><td width=\"310\">\u00a0<\/td><\/tr><tr><td>1-2<\/td><td>1-6<\/td><td>German<\/td><td>Lesen. Das Training 1-2<\/td><td><a href=\"https:\/\/www.schulverlag.ch\/de\/produkte\/sprachwelt\/\">Schulverlag plus \/ ilz<\/a><\/td><td>empfohlen<\/td><td width=\"310\">\u00a0Telefon: 058 268 1414 oder shopag@schulverlag.ch<\/td><\/tr><tr><td>1-2<\/td><td>KG-6<\/td><td>German<\/td><td>Unterwegs zur pers\u00f6nlichen Handschrift<\/td><td><a href=\"https:\/\/lmvdmz.lu.ch\/lmv\/basisschrift\">LMV Luzern<\/a><\/td><td>empfohlen<\/td><td width=\"310\">\u00a0<\/td><\/tr><tr><td>1-3<\/td><td>2-9<\/td><td>German<\/td><td>Die Sprachstarken 2-9<\/td><td><a href=\"https:\/\/www.klett.ch\/lehrwerke\/die-sprachstarken-2-6-bisherige-ausgabe\">Klett und Balmer<\/a><\/td><td>alternativ-obligatorisch<\/td><td width=\"310\">\u00a0<\/td><\/tr><tr><td>1<\/td><td>2-3<\/td><td>German<\/td><td>Sprachfenster<\/td><td><a href=\"https:\/\/shop.lmvz.ch\/de\/produktgruppe\/sprachfenster\/\">LMV Z\u00fcrich \/ ilz<\/a><\/td><td>alternativ-obligatorisch<\/td><td width=\"310\">\u00a0<\/td><\/tr><tr><td>2<\/td><td>4-6<\/td><td>German<\/td><td>Sprachland<\/td><td width=\"95\"><a href=\"https:\/\/shop.schulverlag.ch\/de\/sprachland-88479.html\">Schulverlag plus \/ LMV Z\u00fcrich \/ ilz<\/a><\/td><td>alternativ-obligatorisch<\/td><td width=\"310\">\u00a0<\/td><\/tr><tr><td>2<\/td><td>4<\/td><td>German<\/td><td>Federleicht &amp; Vogelfrei<\/td><td><a href=\"https:\/\/shop.schulverlag.ch\/de\/federleicht-vogelfrei-80268.html\">Schulverlag plus \/ ilz<\/a><\/td><td>empfohlen<\/td><td width=\"310\">\u00a0<\/td><\/tr><tr><td>2<\/td><td>5<\/td><td>German<\/td><td>Anderswie &amp; Anderswo<\/td><td><a href=\"https:\/\/shop.schulverlag.ch\/de\/anderswie-anderswo-80271.html\">Schulverlag plus \/ ilz<\/a><\/td><td>empfohlen<\/td><td width=\"310\">\u00a0<\/td><\/tr><tr><td>2<\/td><td>6<\/td><td>German<\/td><td>Mittendrin &amp; hoch hinaus<\/td><td><a href=\"https:\/\/shop.schulverlag.ch\/de\/mittendrin-hoch-hinaus-80274.html\">Schulverlag plus \/ ilz<\/a><\/td><td>empfohlen<\/td><td width=\"310\">\u00a0<\/td><\/tr><tr><td>1<\/td><td>2<\/td><td>German<\/td><td>Fast alle meine W\u00f6rter 2. Klasse<\/td><td><a href=\"https:\/\/shop.lmvz.ch\/de\/Katalog\/Fast-alle-meine-Woerter\/Fast-alle-meine-Woerter-Woerterbuch-5290.html\">LMV Z\u00fcrich \/ ilz<\/a><\/td><td>empfohlen<\/td><td width=\"310\">\u00a0<\/td><\/tr><tr><td>2<\/td><td>3-5<\/td><td>German<\/td><td>Die W\u00f6rterkiste 3.-5. Klasse<\/td><td><a href=\"https:\/\/shop.lmvz.ch\/de\/Katalog\/Die-Woerterkiste\/Die-Woerterkiste-5286.html\">LMV Z\u00fcrich \/ ilz<\/a><\/td><td>empfohlen<\/td><td width=\"310\">\u00a0<\/td><\/tr><tr><td>1-2<\/td><td>1-3<\/td><td>German<\/td><td>ABC \/ XYZ<\/td><td>LMV Z\u00fcrich \/ ilz<\/td><td>empfohlen<\/td><td width=\"310\">\u00a0<\/td><\/tr><tr><td>3<\/td><td>7-9<\/td><td>German<\/td><td>Sprachwelt Deutsch<\/td><td><a href=\"https:\/\/shop.schulverlag.ch\/de\/catalogsearch\/result\/?q=Sprachwelt%20Deutsch\">Schulverlag plus<\/a> \/ <a href=\"https:\/\/shop.lmvz.ch\/de\/search\/Section1.htm?query=Sprachwelt+deutsch\">LMV Z\u00fcrich<\/a> \/ ilz<\/td><td>alternativ-obligatorisch<\/td><td width=\"310\">\u00a0<\/td><\/tr><tr><td>3<\/td><td>7-9<\/td><td>German<\/td><td>Welt der W\u00f6rter 1-3<\/td><td><a href=\"https:\/\/shop.lmvz.ch\/de\/search\/Section1.htm?query=Welt+der+W%C3%B6rter\">LMV Z\u00fcrich \/ ilz<\/a><\/td><td>alternativ-obligatorisch<\/td><td width=\"310\">F\u00fcr Bezirksschule<\/td><\/tr><tr><td>3<\/td><td>7-9<\/td><td>German<\/td><td>Lesen. Das Training 3<\/td><td><a href=\"https:\/\/shop.schulverlag.ch\/de\/lesen-das-training-3-oberstufe-86267.html\">Schulverlag plus \/ ilz<\/a><\/td><td>empfohlen<\/td><td width=\"310\">\u00a0<\/td><\/tr><tr><td>3<\/td><td>7-9<\/td><td>German<\/td><td>Alles und Nichts\u00a0<\/td><td><a href=\"https:\/\/shop.schulverlag.ch\/de\/alles-und-nichts-80276.html\">Schulverlag\u00a0plus\/ ilz<\/a><\/td><td>empfohlen<\/td><td width=\"310\">\u00a0<\/td><\/tr><tr><td>2-3<\/td><td>3-9<\/td><td>German<\/td><td>Typewriter<\/td><td><a href=\"https:\/\/www.typewriter.at\/blog\/\">Typewriter (Thomas Schroffenegger)<\/a><\/td><td>empfohlen<\/td><td width=\"310\">\u00a0<\/td><\/tr><tr><td>1-2<\/td><td>KG-2<\/td><td>German<\/td><td>Tippen lernen mit Calli Clever<\/td><td><a href=\"https:\/\/www.tipptrainer-fuer-kinder.de\/\">Lernspass f\u00fcr Kinder (Tahmee Theiler-Dengl)<\/a><\/td><td>empfohlen<\/td><td width=\"310\">\u00a0<\/td><\/tr><tr><td>3<\/td><td>7-9<\/td><td>German<\/td><td>Tipp 10<\/td><td><a href=\"https:\/\/www.tipp10.com\/doc\/html\/de\/content\/introduction.html\">Thielicke IT Solutions<\/a><\/td><td>empfohlen<\/td><td width=\"310\">\u00a0<\/td><\/tr><\/tbody><\/table>\t\t\t\t\t\t\t\t<\/div>\n\t\t\t\t\t<\/div>\n\t\t\t\t<\/div>\n\t\t\t\t<\/div>","protected":false},"excerpt":{"rendered":"<p>Wenn gew\u00fcnscht, kann bei der Schule des Aufenthaltsortes oder des Wohnortes nachfragen, ob sie die Lehrmittel zur Verf\u00fcgung stellen. Dies geschieht jedoch auf freiwilliger Basis der gew\u00fcnschten Schule. Hier ist der direkte Link zur aktualisierten \u00dcbersicht \u00fcber obligatorischen, alternativ-obligatorischen, oder empfohlenen Lehrmittel Die Lehrmittel sind direkt verlinkt.\u00a0 Zyklus Klasse Fach Lehrmittel Verlag Status Bemerkungen 1 [&hellip;]<\/p>","protected":false},"author":225865602,"featured_media":0,"parent":0,"menu_order":0,"comment_status":"closed","ping_status":"closed","template":"","meta":{"footnotes":""},"class_list":["post-4960","page","type-page","status-publish","hentry"],"_links":{"self":[{"href":"https:\/\/raisingsala.org\/en\/wp-json\/wp\/v2\/pages\/4960","targetHints":{"allow":["GET"]}}],"collection":[{"href":"https:\/\/raisingsala.org\/en\/wp-json\/wp\/v2\/pages"}],"about":[{"href":"https:\/\/raisingsala.org\/en\/wp-json\/wp\/v2\/types\/page"}],"author":[{"embeddable":true,"href":"https:\/\/raisingsala.org\/en\/wp-json\/wp\/v2\/users\/225865602"}],"replies":[{"embeddable":true,"href":"https:\/\/raisingsala.org\/en\/wp-json\/wp\/v2\/comments?post=4960"}],"version-history":[{"count":90,"href":"https:\/\/raisingsala.org\/en\/wp-json\/wp\/v2\/pages\/4960\/revisions"}],"predecessor-version":[{"id":5079,"href":"https:\/\/raisingsala.org\/en\/wp-json\/wp\/v2\/pages\/4960\/revisions\/5079"}],"wp:attachment":[{"href":"https:\/\/raisingsala.org\/en\/wp-json\/wp\/v2\/media?parent=4960"}],"curies":[{"name":"wp","href":"https:\/\/api.w.org\/{rel}","templated":true}]}}