{"id":5097,"date":"2023-09-22T18:57:35","date_gmt":"2023-09-22T16:57:35","guid":{"rendered":"https:\/\/raisingsala.org\/?page_id=5097"},"modified":"2023-09-30T12:58:24","modified_gmt":"2023-09-30T10:58:24","slug":"pflichtlektuere-aargau-mathematik","status":"publish","type":"page","link":"https:\/\/raisingsala.org\/en\/fachbereich\/mathematik\/pflichtlektuere-aargau-mathematik\/","title":{"rendered":"Pflichtlekt\u00fcre Aargau Mathematik"},"content":{"rendered":"<div data-elementor-type=\"wp-page\" data-elementor-id=\"5097\" class=\"elementor elementor-5097\" data-elementor-post-type=\"page\">\n\t\t\t\t<div class=\"elementor-element elementor-element-50cf9f2 e-flex e-con-boxed e-con e-parent\" data-id=\"50cf9f2\" data-element_type=\"container\">\n\t\t\t\t\t<div class=\"e-con-inner\">\n\t\t\t\t\t<\/div>\n\t\t\t\t<\/div>\n\t\t<div class=\"elementor-element elementor-element-a6a558b e-flex e-con-boxed e-con e-parent\" data-id=\"a6a558b\" data-element_type=\"container\">\n\t\t\t\t\t<div class=\"e-con-inner\">\n\t\t\t\t<div class=\"elementor-element elementor-element-d4ae66b elementor-widget elementor-widget-text-editor\" data-id=\"d4ae66b\" data-element_type=\"widget\" data-widget_type=\"text-editor.default\">\n\t\t\t\t\t\t\t\t\t<table style=\"border-collapse: collapse; width: 1042pt;\" width=\"1389\"><tbody><tr style=\"height: 15.0pt;\"><td class=\"xl25\" style=\"width: 52pt; height: 15.0pt;\" width=\"69\" height=\"20\">Zyklus<\/td><td class=\"xl25\" style=\"width: 54pt;\" width=\"72\">Klasse<\/td><td class=\"xl25\" style=\"width: 59pt;\" width=\"78\">Fach<\/td><td class=\"xl25\" style=\"width: 319pt;\" width=\"425\">Teaching material<\/td><td class=\"xl25\" style=\"width: 221pt;\" width=\"295\">Verlag<\/td><td class=\"xl25\" style=\"width: 105pt;\" width=\"140\">Status<\/td><td class=\"xl28\" style=\"width: 233pt;\" width=\"310\">Bemerkungen<\/td><\/tr><\/tbody><\/table><table style=\"border-collapse: collapse; width: 1391px; height: 570px;\" width=\"1376\"><tbody><tr style=\"height: 25.5pt;\"><td class=\"xl19\" style=\"width: 42pt; height: 25.5pt;\" width=\"56\" height=\"34\">1-2<\/td><td class=\"xl19\" style=\"width: 54pt;\" width=\"72\">1-6<\/td><td class=\"xl19\" style=\"width: 59pt;\" width=\"78\">Mathematics<\/td><td class=\"xl19\" style=\"width: 319pt;\" width=\"425\">Schweizer Zahlenbuch 1-6<\/td><td class=\"xl19\" style=\"width: 221pt;\" width=\"295\"><a href=\"https:\/\/www.klett.ch\/shop\/suche?q=Schweizer+Zahlenbuch+1-6%09&amp;scope=website\">Klett und Balmer<\/a><\/td><td class=\"xl19\" style=\"width: 105pt;\" width=\"140\">alternativ-obligatorisch<\/td><td class=\"xl20\" style=\"width: 233pt;\" width=\"310\">Heilp\u00e4dagogischer Kommentar und Arbeitsmittel separat sind nur empfohlen.<\/td><\/tr><tr style=\"height: 14.25pt;\"><td class=\"xl19\" style=\"height: 14.25pt;\" height=\"19\">1-2<\/td><td class=\"xl19\">1-6<\/td><td class=\"xl19\">Mathematics<\/td><td class=\"xl19\">Mathematik Primarstufe 1-6<\/td><td class=\"xl19\"><a href=\"https:\/\/www.lmvz.ch\/schule\/mathematik-primarstufe\">LMV Z\u00fcrich<\/a><\/td><td class=\"xl19\">alternativ-obligatorisch<\/td><td class=\"xl20\" style=\"width: 233pt;\" width=\"310\">\u00a0<\/td><\/tr><tr style=\"height: 25.5pt;\"><td class=\"xl19\" style=\"height: 25.5pt;\" height=\"34\">1-2<\/td><td class=\"xl19\">KG-6<\/td><td class=\"xl19\">Mathematics<\/td><td class=\"xl19\">Mathewelt 1-2<\/td><td class=\"xl19\">Schulverlag plus<\/td><td class=\"xl19\">alternativ-obligatorisch<\/td><td class=\"xl20\" style=\"width: 233pt;\" width=\"310\">F\u00fcr Band 1 sind nur Themenb\u00fccher, Arbeits- und R\u00e4tselhefte sowie der filRouge obligatorisch.<\/td><\/tr><tr style=\"height: 14.25pt;\"><td class=\"xl19\" style=\"height: 14.25pt;\" height=\"19\">1<\/td><td class=\"xl19\">1-2<\/td><td class=\"xl19\">Mathematics<\/td><td class=\"xl19\">Rechenposter zum 1 + 1 und 1 x 1<\/td><td class=\"xl19\"><a href=\"https:\/\/www.klett.ch\/shop\/artikel\/978-3-12-200515-3\">Klett und Balmer<\/a><\/td><td class=\"xl19\">empfohlen<\/td><td class=\"xl20\" style=\"width: 233pt;\" width=\"310\">als Zusatzmaterial<\/td><\/tr><tr style=\"height: 14.25pt;\"><td class=\"xl19\" style=\"height: 14.25pt;\" height=\"19\">1-2<\/td><td class=\"xl19\">1-3<\/td><td class=\"xl19\">Mathematics<\/td><td class=\"xl19\">Mein Tausenderbuch<\/td><td class=\"xl19\"><a href=\"https:\/\/www.klett.ch\/shop\/artikel\/978-3-12-199030-6\">Klett und Balmer<\/a><\/td><td class=\"xl19\">empfohlen<\/td><td class=\"xl20\" style=\"width: 233pt;\" width=\"310\">als Zusatzmaterial<\/td><\/tr><tr style=\"height: 14.25pt;\"><td class=\"xl19\" style=\"height: 14.25pt;\" height=\"19\">1-2<\/td><td class=\"xl19\">1-4<\/td><td class=\"xl19\">Mathematics<\/td><td class=\"xl19\">Kartei Blitzrechnen 1-4<\/td><td class=\"xl19\"><a href=\"https:\/\/www.klett.ch\/shop\/artikel\/978-3-264-84741-3\">Klett und Balmer<\/a><\/td><td class=\"xl19\">empfohlen<\/td><td class=\"xl20\" style=\"width: 233pt;\" width=\"310\">als Zusatzmaterial<\/td><\/tr><tr style=\"height: 14.25pt;\"><td class=\"xl19\" style=\"height: 14.25pt;\" height=\"19\">1-2<\/td><td class=\"xl19\">1-6<\/td><td class=\"xl19\">Mathematics<\/td><td class=\"xl19\">Kartei Sachrechnen im Kopf 1\/2, 3\/4, 5\/6<\/td><td class=\"xl19\"><a href=\"https:\/\/www.klett.ch\/shop\/suche?q=Sachrechnen+im+Kopf&amp;scope=shop\">Klett und Balmer<\/a><\/td><td class=\"xl19\">empfohlen<\/td><td class=\"xl20\" style=\"width: 233pt;\" width=\"310\">als Zusatzmaterial<\/td><\/tr><tr style=\"height: 14.25pt;\"><td class=\"xl19\" style=\"height: 14.25pt;\" height=\"19\">1-2<\/td><td class=\"xl19\">1-4<\/td><td class=\"xl19\">Mathematics<\/td><td class=\"xl19\">Blitzrechnen CD-ROM 1\/2, 3\/4<\/td><td class=\"xl19\">Klett und Balmer<\/td><td class=\"xl19\">empfohlen<\/td><td class=\"xl20\" style=\"width: 233pt;\" width=\"310\">als Zusatzmaterial<\/td><\/tr><tr style=\"height: 14.25pt;\"><td class=\"xl19\" style=\"height: 14.25pt;\" height=\"19\">2<\/td><td class=\"xl19\">5-6<\/td><td class=\"xl19\">Mathematics<\/td><td class=\"xl19\">Rechentraining zum Zahlenbuch 5-6 (CD-ROM)<\/td><td class=\"xl19\">Klett und Balmer<\/td><td class=\"xl19\">empfohlen<\/td><td class=\"xl20\" style=\"width: 233pt;\" width=\"310\">als Zusatzmaterial<\/td><\/tr><tr style=\"height: 14.25pt;\"><td class=\"xl19\" style=\"height: 14.25pt;\" height=\"19\">2<\/td><td class=\"xl19\">5-6<\/td><td class=\"xl19\">Mathematics<\/td><td class=\"xl20\" style=\"width: 319pt;\" width=\"425\">Operieren 5\/6<\/td><td class=\"xl19\"><a href=\"https:\/\/www.klett.ch\/shop\/artikel\/978-3-264-83793-3\">Klett und Balmer<\/a><\/td><td class=\"xl19\">empfohlen<\/td><td class=\"xl20\" style=\"width: 233pt;\" width=\"310\">als Zusatzmaterial<\/td><\/tr><tr style=\"height: 14.25pt;\"><td class=\"xl19\" style=\"height: 14.25pt;\" height=\"19\">2<\/td><td class=\"xl19\">5-6<\/td><td class=\"xl19\">Mathematics<\/td><td class=\"xl20\" style=\"width: 319pt;\" width=\"425\">Forschen 5\/6<\/td><td class=\"xl19\"><a href=\"https:\/\/www.klett.ch\/shop\/artikel\/978-3-264-83794-0\">Klett und Balmer<\/a><\/td><td class=\"xl19\">empfohlen<\/td><td class=\"xl20\" style=\"width: 233pt;\" width=\"310\">als Zusatzmaterial<\/td><\/tr><tr style=\"height: 14.25pt;\"><td class=\"xl19\" style=\"height: 14.25pt;\" height=\"19\">2<\/td><td class=\"xl19\">5-6<\/td><td class=\"xl19\">Mathematics<\/td><td class=\"xl20\" style=\"width: 319pt;\" width=\"425\">Darstellen 5\/6<\/td><td class=\"xl19\"><a href=\"https:\/\/www.klett.ch\/shop\/artikel\/978-3-264-83795-7\">Klett und Balmer<\/a><\/td><td class=\"xl19\">empfohlen<\/td><td class=\"xl20\" style=\"width: 233pt;\" width=\"310\">als Zusatzmaterial<\/td><\/tr><tr style=\"height: 14.25pt;\"><td class=\"xl19\" style=\"height: 14.25pt;\" align=\"right\" height=\"19\">3<\/td><td class=\"xl19\">7-9<\/td><td class=\"xl19\">Mathematics<\/td><td class=\"xl19\">mathebuch 1-3<\/td><td class=\"xl19\">Schulverlag plus \/ Klett und Balmer<\/td><td class=\"xl19\">alternativ-obligatorisch<\/td><td class=\"xl20\" style=\"width: 233pt;\" width=\"310\">eBook online ist nur empfohlen.<\/td><\/tr><tr style=\"height: 14.25pt;\"><td class=\"xl19\" style=\"height: 14.25pt;\" align=\"right\" height=\"19\">3<\/td><td class=\"xl19\">7-9<\/td><td class=\"xl19\">Mathematics<\/td><td class=\"xl19\">Mathematik Sekundarstufe I 1-3<\/td><td class=\"xl19\"><a href=\"https:\/\/www.lmvz.ch\/schule\/mathematik-sekundarstufe-i\">LMV Z\u00fcrich<\/a><\/td><td class=\"xl19\">alternativ-obligatorisch<\/td><td class=\"xl20\" style=\"width: 233pt;\" width=\"310\">\u00a0<\/td><\/tr><tr style=\"height: 25.5pt;\"><td class=\"xl19\" style=\"height: 25.5pt;\" height=\"34\">3<\/td><td class=\"xl19\">7-9<\/td><td class=\"xl19\">Mathematics<\/td><td class=\"xl19\">Mathematik Top<\/td><td class=\"xl19\"><a href=\"https:\/\/www.lmvz.ch\/schule\/mathematik-top\">LMV Z\u00fcrich<\/a><\/td><td class=\"xl19\">empfohlen<\/td><td class=\"xl20\" style=\"width: 233pt;\" width=\"310\">erg\u00e4nzendes Lehrmittel f\u00fcr leistungsstarke Lernende der Oberstufe (3. Zyklus)<\/td><\/tr><\/tbody><\/table>\t\t\t\t\t\t\t\t<\/div>\n\t\t\t\t\t<\/div>\n\t\t\t\t<\/div>\n\t\t\t\t<\/div>","protected":false},"excerpt":{"rendered":"<p>Zyklus Klasse Fach Lehrmittel Verlag Status Bemerkungen 1-2 1-6 Mathematik Schweizer Zahlenbuch 1-6 Klett und Balmer alternativ-obligatorisch Heilp\u00e4dagogischer Kommentar und Arbeitsmittel separat sind nur empfohlen. 1-2 1-6 Mathematik Mathematik Primarstufe 1-6 LMV Z\u00fcrich alternativ-obligatorisch \u00a0 1-2 KG-6 Mathematik Mathewelt 1-2 Schulverlag plus alternativ-obligatorisch F\u00fcr Band 1 sind nur Themenb\u00fccher, Arbeits- und R\u00e4tselhefte sowie der filRouge [&hellip;]<\/p>","protected":false},"author":225865602,"featured_media":0,"parent":3640,"menu_order":0,"comment_status":"closed","ping_status":"closed","template":"elementor_header_footer","meta":{"footnotes":""},"class_list":["post-5097","page","type-page","status-publish","hentry"],"_links":{"self":[{"href":"https:\/\/raisingsala.org\/en\/wp-json\/wp\/v2\/pages\/5097","targetHints":{"allow":["GET"]}}],"collection":[{"href":"https:\/\/raisingsala.org\/en\/wp-json\/wp\/v2\/pages"}],"about":[{"href":"https:\/\/raisingsala.org\/en\/wp-json\/wp\/v2\/types\/page"}],"author":[{"embeddable":true,"href":"https:\/\/raisingsala.org\/en\/wp-json\/wp\/v2\/users\/225865602"}],"replies":[{"embeddable":true,"href":"https:\/\/raisingsala.org\/en\/wp-json\/wp\/v2\/comments?post=5097"}],"version-history":[{"count":22,"href":"https:\/\/raisingsala.org\/en\/wp-json\/wp\/v2\/pages\/5097\/revisions"}],"predecessor-version":[{"id":5162,"href":"https:\/\/raisingsala.org\/en\/wp-json\/wp\/v2\/pages\/5097\/revisions\/5162"}],"up":[{"embeddable":true,"href":"https:\/\/raisingsala.org\/en\/wp-json\/wp\/v2\/pages\/3640"}],"wp:attachment":[{"href":"https:\/\/raisingsala.org\/en\/wp-json\/wp\/v2\/media?parent=5097"}],"curies":[{"name":"wp","href":"https:\/\/api.w.org\/{rel}","templated":true}]}}