{"id":5172,"date":"2023-09-30T13:19:21","date_gmt":"2023-09-30T11:19:21","guid":{"rendered":"https:\/\/raisingsala.org\/?page_id=5172"},"modified":"2023-09-30T13:32:40","modified_gmt":"2023-09-30T11:32:40","slug":"pflichtlektuere-natur-mensch-gesellschaft-aargau","status":"publish","type":"page","link":"https:\/\/raisingsala.org\/en\/pflichtlektuere-natur-mensch-gesellschaft-aargau\/","title":{"rendered":"Pflichtlekt\u00fcre Natur Mensch Gesellschaft Aargau"},"content":{"rendered":"<div data-elementor-type=\"wp-page\" data-elementor-id=\"5172\" class=\"elementor elementor-5172\" data-elementor-post-type=\"page\">\n\t\t\t\t<div class=\"elementor-element elementor-element-7532931 e-flex e-con-boxed e-con e-parent\" data-id=\"7532931\" data-element_type=\"container\">\n\t\t\t\t\t<div class=\"e-con-inner\">\n\t\t\t\t<div class=\"elementor-element elementor-element-339af2b elementor-widget elementor-widget-text-editor\" data-id=\"339af2b\" data-element_type=\"widget\" data-widget_type=\"text-editor.default\">\n\t\t\t\t\t\t\t\t\t<table style=\"border-collapse: collapse; width: 1404px; height: 31px;\" width=\"1389\"><tbody><tr style=\"height: 15.0pt;\"><td class=\"xl25\" style=\"width: 52pt; height: 15.0pt;\" width=\"69\" height=\"20\">Zyklus<\/td><td class=\"xl25\" style=\"width: 54pt;\" width=\"72\">Klasse<\/td><td class=\"xl25\" style=\"width: 59pt;\" width=\"78\">Fach<\/td><td class=\"xl25\" style=\"width: 319pt;\" width=\"425\">Teaching material<\/td><td class=\"xl25\" style=\"width: 221pt;\" width=\"295\">Verlag<\/td><td class=\"xl25\" style=\"width: 105pt;\" width=\"140\">Status<\/td><td class=\"xl28\" style=\"width: 233pt;\" width=\"310\">Bemerkungen<\/td><\/tr><\/tbody><\/table><table style=\"height: 628px;\" width=\"1406\"><tbody><tr><td width=\"69\">1<\/td><td width=\"72\">KG-2<\/td><td width=\"78\">NMG<\/td><td width=\"425\">Kinder begegnen Natur und Technik<\/td><td width=\"295\"><a href=\"https:\/\/www.lmvz.ch\/schule\/kinder-begegnen-natur-und-technik\">LMV Z\u00fcrich<\/a><\/td><td width=\"140\">empfohlen<\/td><td width=\"310\">erg\u00e4nzendes Lehrmittel f\u00fcr die Stufe Kindergarten resp. den 1. Zyklus<\/td><\/tr><tr><td>1-3<\/td><td>1-9<\/td><td>NMG<\/td><td>Lernwelten Natur-Mensch-Mitwelt<\/td><td>Schulverlag plus \/ ilz\u00a0<\/td><td>empfohlen<\/td><td width=\"310\">\u00a0<\/td><\/tr><tr><td>1-3<\/td><td>KG-9<\/td><td>NMG<\/td><td>Politik und Demokratie &#8211; leben und lernen<\/td><td>Schulverlag plus \/ ilz\u00a0<\/td><td>empfohlen<\/td><td width=\"310\">\u00a0<\/td><\/tr><tr><td>1-2<\/td><td>1-4<\/td><td>NMG<\/td><td>Feldbuch NaturSpur<\/td><td>Schulverlag plus \/ ilz \/ Naturama<\/td><td>empfohlen<\/td><td width=\"310\">\u00a0<\/td><\/tr><tr><td>2<\/td><td>3-5<\/td><td>NMG<\/td><td>Schulkarte des Kantons Aargau<\/td><td>Schulverlag plus<\/td><td>obligatorisch<\/td><td width=\"310\">\u00a0<\/td><\/tr><tr><td>3<\/td><td>7-9<\/td><td>NMG<\/td><td>Aargauer Wanderkarte<\/td><td>Aargauer Wanderwege<\/td><td>empfohlen<\/td><td width=\"310\">\u00a0<\/td><\/tr><tr><td>2-3<\/td><td>6-9<\/td><td>NMG<\/td><td>Sch\u00fclerkarte der Schweiz<\/td><td>K\u00fcmmerly + Frey<\/td><td>empfohlen<\/td><td width=\"310\">\u00a0<\/td><\/tr><tr><td>3<\/td><td>7-9<\/td><td>NMG<\/td><td>Schulkarte Schweiz<\/td><td>Orell F\u00fcssli<\/td><td>empfohlen<\/td><td width=\"310\">\u00a0<\/td><\/tr><tr><td>2<\/td><td>3-6<\/td><td>NMG<\/td><td>Einblick Aargau<\/td><td>Schulverlag plus<\/td><td>empfohlen<\/td><td width=\"310\">\u00a0<\/td><\/tr><tr><td>2<\/td><td>4-5<\/td><td>NMG<\/td><td>Leben im Aargau<\/td><td>Schulverlag plus<\/td><td>empfohlen<\/td><td width=\"310\">noch bis Dezember 2022 erh\u00e4ltlich<\/td><\/tr><tr><td>2<\/td><td>3-5<\/td><td>NMG<\/td><td>Aargauer Gemeindewappen<\/td><td>Schulverlag plus<\/td><td>obligatorisch<\/td><td width=\"310\">\u00a0<\/td><\/tr><tr><td>1-3<\/td><td>1-9<\/td><td>NMG, NT<\/td><td>NaTech 1\/2, 3\/4, 5\/6, 7-9<\/td><td>Schulverlag plus \/ LMV Z\u00fcrich \/ ilz<\/td><td>empfohlen<\/td><td width=\"310\">\u00a0<\/td><\/tr><tr><td>2<\/td><td>3-6<\/td><td>NMG<\/td><td>Logbuch<\/td><td>LMV Z\u00fcrich<\/td><td>empfohlen<\/td><td width=\"310\">\u00a0<\/td><\/tr><tr><td>1<\/td><td>KG-2<\/td><td>NMG<\/td><td>Dossiers WeitBlick NMG<\/td><td>Schulverlag plus \/ ilz<\/td><td>empfohlen<\/td><td width=\"310\">unterrichtsleitendes Lehrmittel f\u00fcr Kiga; Zusatzlehrmittel f\u00fcr 1.-2. Klasse<\/td><\/tr><tr><td>1-2<\/td><td>1-6<\/td><td>NMG<\/td><td>WeitBlick NMG\u00a0<\/td><td>Schulverlag plus \/ LMV Z\u00fcrich \/ ilz<\/td><td>empfohlen<\/td><td width=\"310\">\u00a0<\/td><\/tr><tr><td>2<\/td><td>3-6<\/td><td>NMG<\/td><td>Schweizer Schulbibel<\/td><td>Patmos \/ Theologischer Verlag Z\u00fcrich<\/td><td>empfohlen<\/td><td width=\"310\">\u00a0<\/td><\/tr><tr><td>1-3<\/td><td>1-9<\/td><td>NMG, ERG<\/td><td>Schauplatz Ethik 1-2, 3-4, 5-6, 7-9<\/td><td>LMV Z\u00fcrich<\/td><td>empfohlen<\/td><td width=\"310\">\u00a0<\/td><\/tr><tr><td>1-3<\/td><td>1-9<\/td><td>NMG, ERG<\/td><td>Blickpunkt 1-3<\/td><td>LMV Z\u00fcrich<\/td><td>empfohlen<\/td><td width=\"310\">\u00a0<\/td><\/tr><\/tbody><\/table>\t\t\t\t\t\t\t\t<\/div>\n\t\t\t\t\t<\/div>\n\t\t\t\t<\/div>\n\t\t\t\t<\/div>","protected":false},"excerpt":{"rendered":"<p>Zyklus Klasse Fach Lehrmittel Verlag Status Bemerkungen 1 KG-2 NMG Kinder begegnen Natur und Technik LMV Z\u00fcrich empfohlen erg\u00e4nzendes Lehrmittel f\u00fcr die Stufe Kindergarten resp. den 1. Zyklus 1-3 1-9 NMG Lernwelten Natur-Mensch-Mitwelt Schulverlag plus \/ ilz\u00a0 empfohlen \u00a0 1-3 KG-9 NMG Politik und Demokratie &#8211; leben und lernen Schulverlag plus \/ ilz\u00a0 empfohlen \u00a0 [&hellip;]<\/p>","protected":false},"author":225865602,"featured_media":0,"parent":0,"menu_order":0,"comment_status":"closed","ping_status":"closed","template":"","meta":{"footnotes":""},"class_list":["post-5172","page","type-page","status-publish","hentry"],"_links":{"self":[{"href":"https:\/\/raisingsala.org\/en\/wp-json\/wp\/v2\/pages\/5172","targetHints":{"allow":["GET"]}}],"collection":[{"href":"https:\/\/raisingsala.org\/en\/wp-json\/wp\/v2\/pages"}],"about":[{"href":"https:\/\/raisingsala.org\/en\/wp-json\/wp\/v2\/types\/page"}],"author":[{"embeddable":true,"href":"https:\/\/raisingsala.org\/en\/wp-json\/wp\/v2\/users\/225865602"}],"replies":[{"embeddable":true,"href":"https:\/\/raisingsala.org\/en\/wp-json\/wp\/v2\/comments?post=5172"}],"version-history":[{"count":16,"href":"https:\/\/raisingsala.org\/en\/wp-json\/wp\/v2\/pages\/5172\/revisions"}],"predecessor-version":[{"id":5188,"href":"https:\/\/raisingsala.org\/en\/wp-json\/wp\/v2\/pages\/5172\/revisions\/5188"}],"wp:attachment":[{"href":"https:\/\/raisingsala.org\/en\/wp-json\/wp\/v2\/media?parent=5172"}],"curies":[{"name":"wp","href":"https:\/\/api.w.org\/{rel}","templated":true}]}}