{"id":6353,"date":"2024-08-18T14:32:14","date_gmt":"2024-08-18T12:32:14","guid":{"rendered":"https:\/\/raisingsala.org\/?page_id=6353"},"modified":"2024-10-18T09:55:25","modified_gmt":"2024-10-18T07:55:25","slug":"service","status":"publish","type":"page","link":"https:\/\/raisingsala.org\/en\/about\/service\/","title":{"rendered":"Aufgabe"},"content":{"rendered":"<div data-elementor-type=\"wp-page\" data-elementor-id=\"6353\" class=\"elementor elementor-6353\" data-elementor-post-type=\"page\">\n\t\t\t\t<div class=\"elementor-element elementor-element-9eebd8b e-flex e-con-boxed e-con e-parent\" data-id=\"9eebd8b\" data-element_type=\"container\">\n\t\t\t\t\t<div class=\"e-con-inner\">\n\t\t\t\t<div class=\"elementor-element elementor-element-2159ff1 elementor-widget elementor-widget-spacer\" data-id=\"2159ff1\" data-element_type=\"widget\" data-widget_type=\"spacer.default\">\n\t\t\t\t\t\t\t<div class=\"elementor-spacer\">\n\t\t\t<div class=\"elementor-spacer-inner\"><\/div>\n\t\t<\/div>\n\t\t\t\t\t\t<\/div>\n\t\t\t\t\t<\/div>\n\t\t\t\t<\/div>\n\t\t<div class=\"elementor-element elementor-element-4a87226 e-flex e-con-boxed e-con e-parent\" data-id=\"4a87226\" data-element_type=\"container\">\n\t\t\t\t\t<div class=\"e-con-inner\">\n\t\t\t\t<div class=\"elementor-element elementor-element-9a81195 elementor-widget elementor-widget-text-editor\" data-id=\"9a81195\" data-element_type=\"widget\" data-widget_type=\"text-editor.default\">\n\t\t\t\t\t\t\t\t\t<h2>raisingSALA is a user-friendly and comprehensive platform that integrates curricula, local resources and networking opportunities, providing access to education for all children, young people and learners worldwide. We help educators and teachers plan and document learning progress to ensure smooth interaction with authorities and maximise educational opportunities for everyone.\u00a0<\/h2><p>\u00a0<\/p><p>\u00a0<\/p><h2>The centrepiece of raisingSALA is our user-friendly planning tool. This tool integrates learning objectives into a calendar and allows guardians and teachers to plan and tick off learning objectives via dag&amp;drop. It offers an intuitive user interface that makes it easy to create and customise daily, weekly and monthly lesson plans.<\/h2><p>\u00a0<\/p><p>\u00a0<\/p><h2>An automatic dossier feature creates detailed documentation of planned and completed learning objectives. This document serves as evidence for the authorities and enables smooth interaction. The dossier can be updated automatically and printed out or sent digitally if required.<\/h2><p>\u00a0<\/p><p>\u00a0<\/p><h2>The platform provides comprehensive information about educational resources and learning opportunities in your area. This includes local libraries, museums, learning centres and other educational institutions. By providing this information, raisingSALA helps to extend learning beyond traditional school resources.<\/h2><p>\u00a0<\/p><p>\u00a0<\/p><h2>raisingSALA facilitates networking with local learning centres and teachers. This allows you to organise personal lessons or tutoring, no matter where you are. Our platform offers a database of qualified teachers and learning centres that can be filtered according to various criteria.\u00a0<\/h2>\t\t\t\t\t\t\t\t<\/div>\n\t\t\t\t\t<\/div>\n\t\t\t\t<\/div>\n\t\t<div class=\"elementor-element elementor-element-3f50ea46 e-flex e-con-boxed e-con e-parent\" data-id=\"3f50ea46\" data-element_type=\"container\">\n\t\t\t\t\t<div class=\"e-con-inner\">\n\t\t\t\t<div class=\"elementor-element elementor-element-2f84ecd9 e-grid-align-left elementor-widget__width-auto elementor-shape-rounded elementor-grid-0 elementor-widget elementor-widget-social-icons\" data-id=\"2f84ecd9\" data-element_type=\"widget\" data-widget_type=\"social-icons.default\">\n\t\t\t\t\t\t\t<div class=\"elementor-social-icons-wrapper elementor-grid\" role=\"list\">\n\t\t\t\t\t\t\t<span class=\"elementor-grid-item\" role=\"listitem\">\n\t\t\t\t\t<a class=\"elementor-icon elementor-social-icon elementor-social-icon-facebook-f elementor-animation-float elementor-repeater-item-7d876ef\" target=\"_blank\">\n\t\t\t\t\t\t<span class=\"elementor-screen-only\">Facebook-f<\/span>\n\t\t\t\t\t\t<svg aria-hidden=\"true\" class=\"e-font-icon-svg e-fab-facebook-f\" viewbox=\"0 0 320 512\" xmlns=\"http:\/\/www.w3.org\/2000\/svg\"><path d=\"M279.14 288l14.22-92.66h-88.91v-60.13c0-25.35 12.42-50.06 52.24-50.06h40.42V6.26S260.43 0 225.36 0c-73.22 0-121.08 44.38-121.08 124.72v70.62H22.89V288h81.39v224h100.17V288z\"><\/path><\/svg>\t\t\t\t\t<\/a>\n\t\t\t\t<\/span>\n\t\t\t\t\t\t\t<span class=\"elementor-grid-item\" role=\"listitem\">\n\t\t\t\t\t<a class=\"elementor-icon elementor-social-icon elementor-social-icon-instagram elementor-animation-float elementor-repeater-item-dfd15b0\" target=\"_blank\">\n\t\t\t\t\t\t<span class=\"elementor-screen-only\">Instagram<\/span>\n\t\t\t\t\t\t<svg aria-hidden=\"true\" class=\"e-font-icon-svg e-fab-instagram\" viewbox=\"0 0 448 512\" xmlns=\"http:\/\/www.w3.org\/2000\/svg\"><path d=\"M224.1 141c-63.6 0-114.9 51.3-114.9 114.9s51.3 114.9 114.9 114.9S339 319.5 339 255.9 287.7 141 224.1 141zm0 189.6c-41.1 0-74.7-33.5-74.7-74.7s33.5-74.7 74.7-74.7 74.7 33.5 74.7 74.7-33.6 74.7-74.7 74.7zm146.4-194.3c0 14.9-12 26.8-26.8 26.8-14.9 0-26.8-12-26.8-26.8s12-26.8 26.8-26.8 26.8 12 26.8 26.8zm76.1 27.2c-1.7-35.9-9.9-67.7-36.2-93.9-26.2-26.2-58-34.4-93.9-36.2-37-2.1-147.9-2.1-184.9 0-35.8 1.7-67.6 9.9-93.9 36.1s-34.4 58-36.2 93.9c-2.1 37-2.1 147.9 0 184.9 1.7 35.9 9.9 67.7 36.2 93.9s58 34.4 93.9 36.2c37 2.1 147.9 2.1 184.9 0 35.9-1.7 67.7-9.9 93.9-36.2 26.2-26.2 34.4-58 36.2-93.9 2.1-37 2.1-147.8 0-184.8zM398.8 388c-7.8 19.6-22.9 34.7-42.6 42.6-29.5 11.7-99.5 9-132.1 9s-102.7 2.6-132.1-9c-19.6-7.8-34.7-22.9-42.6-42.6-11.7-29.5-9-99.5-9-132.1s-2.6-102.7 9-132.1c7.8-19.6 22.9-34.7 42.6-42.6 29.5-11.7 99.5-9 132.1-9s102.7-2.6 132.1 9c19.6 7.8 34.7 22.9 42.6 42.6 11.7 29.5 9 99.5 9 132.1s2.7 102.7-9 132.1z\"><\/path><\/svg>\t\t\t\t\t<\/a>\n\t\t\t\t<\/span>\n\t\t\t\t\t<\/div>\n\t\t\t\t\t\t<\/div>\n\t\t\t\t<div class=\"elementor-element elementor-element-4b8006a1 elementor-widget__width-auto elementor-widget elementor-widget-heading\" data-id=\"4b8006a1\" data-element_type=\"widget\" data-widget_type=\"heading.default\">\n\t\t\t\t\t<p class=\"elementor-heading-title elementor-size-default\">\u00a9 2026raisingSALA. All Rights Reserved.<\/p>\t\t\t\t<\/div>\n\t\t\t\t\t<\/div>\n\t\t\t\t<\/div>\n\t\t\t\t<\/div>","protected":false},"excerpt":{"rendered":"<p>raisingSALA ist eine benutzerfreundliche und umfassende Plattform, die Lehrpl\u00e4ne, lokale Ressourcen und Vernetzungsm\u00f6glichkeiten integriert und allen Kindern, Jugendlichen und Lernwilligen weltweit Zugang zu Bildung erm\u00f6glicht. Wir unterst\u00fctzen Erziehungsberechtigte und Lehrkr\u00e4fte dabei, Lernfortschritte zu planen und zu dokumentieren, um eine reibungslose Interaktion mit Beh\u00f6rden zu gew\u00e4hrleisten und die Bildungschancen jedes Menschen zu maximieren. Das Herzst\u00fcck von [&hellip;]<\/p>","protected":false},"author":225865602,"featured_media":0,"parent":6469,"menu_order":0,"comment_status":"closed","ping_status":"closed","template":"","meta":{"footnotes":""},"class_list":["post-6353","page","type-page","status-publish","hentry"],"_links":{"self":[{"href":"https:\/\/raisingsala.org\/en\/wp-json\/wp\/v2\/pages\/6353","targetHints":{"allow":["GET"]}}],"collection":[{"href":"https:\/\/raisingsala.org\/en\/wp-json\/wp\/v2\/pages"}],"about":[{"href":"https:\/\/raisingsala.org\/en\/wp-json\/wp\/v2\/types\/page"}],"author":[{"embeddable":true,"href":"https:\/\/raisingsala.org\/en\/wp-json\/wp\/v2\/users\/225865602"}],"replies":[{"embeddable":true,"href":"https:\/\/raisingsala.org\/en\/wp-json\/wp\/v2\/comments?post=6353"}],"version-history":[{"count":8,"href":"https:\/\/raisingsala.org\/en\/wp-json\/wp\/v2\/pages\/6353\/revisions"}],"predecessor-version":[{"id":6547,"href":"https:\/\/raisingsala.org\/en\/wp-json\/wp\/v2\/pages\/6353\/revisions\/6547"}],"up":[{"embeddable":true,"href":"https:\/\/raisingsala.org\/en\/wp-json\/wp\/v2\/pages\/6469"}],"wp:attachment":[{"href":"https:\/\/raisingsala.org\/en\/wp-json\/wp\/v2\/media?parent=6353"}],"curies":[{"name":"wp","href":"https:\/\/api.w.org\/{rel}","templated":true}]}}